{"id":2082,"date":"2023-03-03T06:38:44","date_gmt":"2023-03-03T14:38:44","guid":{"rendered":"https:\/\/aequumaccess.com\/politique-de-confidentialite\/"},"modified":"2023-11-16T07:18:29","modified_gmt":"2023-11-16T15:18:29","slug":"politique-de-confidentialite","status":"publish","type":"page","link":"https:\/\/aequumaccess.com\/fr\/politique-de-confidentialite\/","title":{"rendered":"Politique de confidentialit\u00e9"},"content":{"rendered":"\n<h2 class=\"wp-block-heading\">Politique de confidentialit\u00e9 : Nous respectons votre vie priv\u00e9e<\/h2>\n\n<p>Les informations personnelles que vous nous fournissez, y compris et de fa\u00e7on similaire votre nom, votre adresse, votre num\u00e9ro de t\u00e9l\u00e9phone et votre adresse \u00e9lectronique, ne seront pas divulgu\u00e9es, vendues ou lou\u00e9es \u00e0 des entit\u00e9s ou \u00e0 des personnes ext\u00e9rieures \u00e0 notre organisation, sauf dans les cas mentionn\u00e9s ci-dessous.<\/p>\n\n<h3 class=\"wp-block-heading\">Avec qui partageons-nous les informations personnelles que nous recueillons sur ce site ?<\/h3>\n\n<h3 class=\"wp-block-heading\">Nos fournisseurs de services<\/h3>\n\n<p>Nous pouvons partager vos informations personnelles avec des soci\u00e9t\u00e9s (y compris nos filiales) qui fournissent des services en notre nom, par exemple des soci\u00e9t\u00e9s qui aident \u00e0 traiter les paiements par carte de cr\u00e9dit. Nos prestataires de services sont tenus par contrat de prot\u00e9ger la confidentialit\u00e9 des informations personnelles que nous partageons avec eux et de ne les utiliser que pour fournir des services sp\u00e9cifiques en notre nom. <\/p>\n\n<h3 class=\"wp-block-heading\">Divulgations gouvernementales et l\u00e9gales<\/h3>\n\n<p>Nous pouvons divulguer les informations personnelles que nous recueillons sur ce site lorsque nous estimons, en toute bonne foi, que cette divulgation est n\u00e9cessaire pour respecter la loi (ou une d\u00e9cision de justice ou une citation \u00e0 compara\u00eetre), pour pr\u00e9venir ou enqu\u00eater sur un d\u00e9lit \u00e9ventuel, tel qu&rsquo;une fraude ou un vol d&rsquo;identit\u00e9, pour faire respecter nos conditions g\u00e9n\u00e9rales ou d&rsquo;autres accords r\u00e9gissant votre utilisation de ce site, ou pour prot\u00e9ger les droits, la propri\u00e9t\u00e9 ou la s\u00e9curit\u00e9 de notre soci\u00e9t\u00e9, de nos utilisateurs ou d&rsquo;autres personnes.<\/p>\n\n<h3 class=\"wp-block-heading\">Sites externes<\/h3>\n\n<p>Aequum Global Access Inc. n&rsquo;est pas responsable du contenu des sites Internet externes. Nous vous conseillons de lire la politique de confidentialit\u00e9 des sites externes avant de divulguer toute information personnelle. <\/p>\n\n<h3 class=\"wp-block-heading\">N&rsquo;oubliez pas les risques lorsque vous utilisez l&rsquo;Internet<\/h3>\n\n<p>Bien que nous fassions de notre mieux pour prot\u00e9ger vos renseignements personnels, Aequum Global Access Inc. ne peut garantir la s\u00e9curit\u00e9 des renseignements que vous nous transmettez et vous \u00eates seul responsable du maintien du secret de tout mot de passe ou de toute autre information relative \u00e0 votre compte. En outre, d&rsquo;autres sites Internet ou services qui peuvent \u00eatre accessibles \u00e0 partir de notre site ont des donn\u00e9es distinctes et des pratiques de confidentialit\u00e9 ind\u00e9pendantes de nous, et par cons\u00e9quent nous d\u00e9clinons toute responsabilit\u00e9 pour leurs politiques ou actions. Veuillez contacter ces vendeurs et autres directement si vous avez des questions sur leurs politiques de confidentialit\u00e9. Pour toute autre question ou information, <a href=\"http:\/\/aequumglobalaccess.com\/contact-us\/\">veuillez nous contacter<\/a>.   <\/p>\n","protected":false},"excerpt":{"rendered":"<p>Politique de confidentialit\u00e9 : Nous respectons votre vie priv\u00e9e Les informations personnelles que vous nous fournissez, y compris et de fa\u00e7on similaire votre nom, votre adresse, votre num\u00e9ro de t\u00e9l\u00e9phone et votre adresse \u00e9lectronique, ne seront pas divulgu\u00e9es, vendues ou lou\u00e9es \u00e0 des entit\u00e9s ou \u00e0 des personnes ext\u00e9rieures \u00e0 notre organisation, sauf dans les&#8230; <a class=\"read-more\" href=\"https:\/\/aequumaccess.com\/fr\/politique-de-confidentialite\/\">Read More<span class=\"hidden\"> about \u00ab\u00a0Politique de confidentialit\u00e9\u00a0\u00bb<\/span><\/a><\/p>\n","protected":false},"author":1,"featured_media":0,"parent":0,"menu_order":110,"comment_status":"closed","ping_status":"closed","template":"","meta":{"_acf_changed":false,"footnotes":""},"class_list":["post-2082","page","type-page","status-publish","hentry"],"acf":[],"yoast_head":"<!-- This site is optimized with the Yoast SEO plugin v27.5 - https:\/\/yoast.com\/product\/yoast-seo-wordpress\/ -->\n<title>Politique de confidentialit\u00e9 - Aequum Global Access<\/title>\n<meta name=\"robots\" content=\"index, follow, max-snippet:-1, max-image-preview:large, max-video-preview:-1\" \/>\n<link rel=\"canonical\" href=\"https:\/\/aequumaccess.com\/fr\/politique-de-confidentialite\/\" \/>\n<meta property=\"og:locale\" content=\"fr_FR\" \/>\n<meta property=\"og:type\" content=\"article\" \/>\n<meta property=\"og:title\" content=\"Politique de confidentialit\u00e9 - Aequum Global Access\" \/>\n<meta property=\"og:description\" content=\"Politique de confidentialit\u00e9 : Nous respectons votre vie priv\u00e9e Les informations personnelles que vous nous fournissez, y compris et de fa\u00e7on similaire votre nom, votre adresse, votre num\u00e9ro de t\u00e9l\u00e9phone et votre adresse \u00e9lectronique, ne seront pas divulgu\u00e9es, vendues ou lou\u00e9es \u00e0 des entit\u00e9s ou \u00e0 des personnes ext\u00e9rieures \u00e0 notre organisation, sauf dans les... Read More about &quot;Politique de confidentialit\u00e9&quot;\" \/>\n<meta property=\"og:url\" content=\"https:\/\/aequumaccess.com\/fr\/politique-de-confidentialite\/\" \/>\n<meta property=\"og:site_name\" content=\"Aequum Global Access\" \/>\n<meta property=\"article:modified_time\" content=\"2023-11-16T15:18:29+00:00\" \/>\n<meta name=\"twitter:card\" content=\"summary_large_image\" \/>\n<meta name=\"twitter:label1\" content=\"Dur\u00e9e de lecture estim\u00e9e\" \/>\n\t<meta name=\"twitter:data1\" content=\"2 minutes\" \/>\n<script type=\"application\/ld+json\" class=\"yoast-schema-graph\">{\"@context\":\"https:\\\/\\\/schema.org\",\"@graph\":[{\"@type\":\"WebPage\",\"@id\":\"https:\\\/\\\/aequumaccess.com\\\/fr\\\/politique-de-confidentialite\\\/\",\"url\":\"https:\\\/\\\/aequumaccess.com\\\/fr\\\/politique-de-confidentialite\\\/\",\"name\":\"Politique de confidentialit\u00e9 - Aequum Global Access\",\"isPartOf\":{\"@id\":\"https:\\\/\\\/aequumaccess.com\\\/fr\\\/#website\"},\"datePublished\":\"2023-03-03T14:38:44+00:00\",\"dateModified\":\"2023-11-16T15:18:29+00:00\",\"breadcrumb\":{\"@id\":\"https:\\\/\\\/aequumaccess.com\\\/fr\\\/politique-de-confidentialite\\\/#breadcrumb\"},\"inLanguage\":\"fr-FR\",\"potentialAction\":[{\"@type\":\"ReadAction\",\"target\":[\"https:\\\/\\\/aequumaccess.com\\\/fr\\\/politique-de-confidentialite\\\/\"]}]},{\"@type\":\"BreadcrumbList\",\"@id\":\"https:\\\/\\\/aequumaccess.com\\\/fr\\\/politique-de-confidentialite\\\/#breadcrumb\",\"itemListElement\":[{\"@type\":\"ListItem\",\"position\":1,\"name\":\"Home\",\"item\":\"https:\\\/\\\/aequumaccess.com\\\/fr\\\/elargissez-votre-vision\\\/\"},{\"@type\":\"ListItem\",\"position\":2,\"name\":\"Politique de confidentialit\u00e9\"}]},{\"@type\":\"WebSite\",\"@id\":\"https:\\\/\\\/aequumaccess.com\\\/fr\\\/#website\",\"url\":\"https:\\\/\\\/aequumaccess.com\\\/fr\\\/\",\"name\":\"Aequum Global Access\",\"description\":\"Aequum Global Access\",\"publisher\":{\"@id\":\"https:\\\/\\\/aequumaccess.com\\\/fr\\\/#organization\"},\"potentialAction\":[{\"@type\":\"SearchAction\",\"target\":{\"@type\":\"EntryPoint\",\"urlTemplate\":\"https:\\\/\\\/aequumaccess.com\\\/fr\\\/?s={search_term_string}\"},\"query-input\":{\"@type\":\"PropertyValueSpecification\",\"valueRequired\":true,\"valueName\":\"search_term_string\"}}],\"inLanguage\":\"fr-FR\"},{\"@type\":\"Organization\",\"@id\":\"https:\\\/\\\/aequumaccess.com\\\/fr\\\/#organization\",\"name\":\"Aequum Global Access\",\"url\":\"https:\\\/\\\/aequumaccess.com\\\/fr\\\/\",\"logo\":{\"@type\":\"ImageObject\",\"inLanguage\":\"fr-FR\",\"@id\":\"https:\\\/\\\/aequumaccess.com\\\/fr\\\/#\\\/schema\\\/logo\\\/image\\\/\",\"url\":\"https:\\\/\\\/aequumaccess.com\\\/wp-content\\\/uploads\\\/2022\\\/10\\\/UA_wordmark-black.png\",\"contentUrl\":\"https:\\\/\\\/aequumaccess.com\\\/wp-content\\\/uploads\\\/2022\\\/10\\\/UA_wordmark-black.png\",\"width\":1000,\"height\":355,\"caption\":\"Aequum Global Access\"},\"image\":{\"@id\":\"https:\\\/\\\/aequumaccess.com\\\/fr\\\/#\\\/schema\\\/logo\\\/image\\\/\"}}]}<\/script>\n<!-- \/ Yoast SEO plugin. -->","yoast_head_json":{"title":"Politique de confidentialit\u00e9 - Aequum Global Access","robots":{"index":"index","follow":"follow","max-snippet":"max-snippet:-1","max-image-preview":"max-image-preview:large","max-video-preview":"max-video-preview:-1"},"canonical":"https:\/\/aequumaccess.com\/fr\/politique-de-confidentialite\/","og_locale":"fr_FR","og_type":"article","og_title":"Politique de confidentialit\u00e9 - Aequum Global Access","og_description":"Politique de confidentialit\u00e9 : Nous respectons votre vie priv\u00e9e Les informations personnelles que vous nous fournissez, y compris et de fa\u00e7on similaire votre nom, votre adresse, votre num\u00e9ro de t\u00e9l\u00e9phone et votre adresse \u00e9lectronique, ne seront pas divulgu\u00e9es, vendues ou lou\u00e9es \u00e0 des entit\u00e9s ou \u00e0 des personnes ext\u00e9rieures \u00e0 notre organisation, sauf dans les... Read More about \"Politique de confidentialit\u00e9\"","og_url":"https:\/\/aequumaccess.com\/fr\/politique-de-confidentialite\/","og_site_name":"Aequum Global Access","article_modified_time":"2023-11-16T15:18:29+00:00","twitter_card":"summary_large_image","twitter_misc":{"Dur\u00e9e de lecture estim\u00e9e":"2 minutes"},"schema":{"@context":"https:\/\/schema.org","@graph":[{"@type":"WebPage","@id":"https:\/\/aequumaccess.com\/fr\/politique-de-confidentialite\/","url":"https:\/\/aequumaccess.com\/fr\/politique-de-confidentialite\/","name":"Politique de confidentialit\u00e9 - Aequum Global Access","isPartOf":{"@id":"https:\/\/aequumaccess.com\/fr\/#website"},"datePublished":"2023-03-03T14:38:44+00:00","dateModified":"2023-11-16T15:18:29+00:00","breadcrumb":{"@id":"https:\/\/aequumaccess.com\/fr\/politique-de-confidentialite\/#breadcrumb"},"inLanguage":"fr-FR","potentialAction":[{"@type":"ReadAction","target":["https:\/\/aequumaccess.com\/fr\/politique-de-confidentialite\/"]}]},{"@type":"BreadcrumbList","@id":"https:\/\/aequumaccess.com\/fr\/politique-de-confidentialite\/#breadcrumb","itemListElement":[{"@type":"ListItem","position":1,"name":"Home","item":"https:\/\/aequumaccess.com\/fr\/elargissez-votre-vision\/"},{"@type":"ListItem","position":2,"name":"Politique de confidentialit\u00e9"}]},{"@type":"WebSite","@id":"https:\/\/aequumaccess.com\/fr\/#website","url":"https:\/\/aequumaccess.com\/fr\/","name":"Aequum Global Access","description":"Aequum Global Access","publisher":{"@id":"https:\/\/aequumaccess.com\/fr\/#organization"},"potentialAction":[{"@type":"SearchAction","target":{"@type":"EntryPoint","urlTemplate":"https:\/\/aequumaccess.com\/fr\/?s={search_term_string}"},"query-input":{"@type":"PropertyValueSpecification","valueRequired":true,"valueName":"search_term_string"}}],"inLanguage":"fr-FR"},{"@type":"Organization","@id":"https:\/\/aequumaccess.com\/fr\/#organization","name":"Aequum Global Access","url":"https:\/\/aequumaccess.com\/fr\/","logo":{"@type":"ImageObject","inLanguage":"fr-FR","@id":"https:\/\/aequumaccess.com\/fr\/#\/schema\/logo\/image\/","url":"https:\/\/aequumaccess.com\/wp-content\/uploads\/2022\/10\/UA_wordmark-black.png","contentUrl":"https:\/\/aequumaccess.com\/wp-content\/uploads\/2022\/10\/UA_wordmark-black.png","width":1000,"height":355,"caption":"Aequum Global Access"},"image":{"@id":"https:\/\/aequumaccess.com\/fr\/#\/schema\/logo\/image\/"}}]}},"_links":{"self":[{"href":"https:\/\/aequumaccess.com\/fr\/wp-json\/wp\/v2\/pages\/2082","targetHints":{"allow":["GET"]}}],"collection":[{"href":"https:\/\/aequumaccess.com\/fr\/wp-json\/wp\/v2\/pages"}],"about":[{"href":"https:\/\/aequumaccess.com\/fr\/wp-json\/wp\/v2\/types\/page"}],"author":[{"embeddable":true,"href":"https:\/\/aequumaccess.com\/fr\/wp-json\/wp\/v2\/users\/1"}],"replies":[{"embeddable":true,"href":"https:\/\/aequumaccess.com\/fr\/wp-json\/wp\/v2\/comments?post=2082"}],"version-history":[{"count":1,"href":"https:\/\/aequumaccess.com\/fr\/wp-json\/wp\/v2\/pages\/2082\/revisions"}],"predecessor-version":[{"id":2083,"href":"https:\/\/aequumaccess.com\/fr\/wp-json\/wp\/v2\/pages\/2082\/revisions\/2083"}],"wp:attachment":[{"href":"https:\/\/aequumaccess.com\/fr\/wp-json\/wp\/v2\/media?parent=2082"}],"curies":[{"name":"wp","href":"https:\/\/api.w.org\/{rel}","templated":true}]}}