{"id":2060,"date":"2023-03-13T08:26:07","date_gmt":"2023-03-13T15:26:07","guid":{"rendered":"https:\/\/aequumaccess.com\/nos-services\/"},"modified":"2023-10-30T11:55:18","modified_gmt":"2023-10-30T18:55:18","slug":"nos-services","status":"publish","type":"page","link":"https:\/\/aequumaccess.com\/fr\/nos-services\/","title":{"rendered":"Nos services"},"content":{"rendered":"\n<div id=\"hero-block_b8a49cf167ea4f703ea7cca189cc5dad\" class=\"hero\">\n    \t\t\n\n        <div class=\"inner_block\">\n            \n            <div class=\"details\">\n                <h1 id=\"main\">Nos services<\/h1>\n                <p>Nous travaillons avec de grandes, moyennes et petites entreprises. Cela comprend les organisations priv\u00e9es et publiques, les organisations \u00e0 but non lucratif et les gouvernements f\u00e9d\u00e9ral, provinciaux et municipaux. <\/p>\n            <\/div>\n        <\/div>\n\t\t\n\t<\/div>\n<p>Aequum Global Access et son r\u00e9seau de partenaires exp\u00e9riment\u00e9s peuvent vous offrir des services qui vous aideront \u00e0 identifier et \u00e0 r\u00e9pondre \u00e0 vos besoins, avec une expertise et des pratiques exemplaires en mati\u00e8re d&rsquo;accessibilit\u00e9 et d&rsquo;inclusion.<\/p>\n\n<p>Les services sont disponibles dans les domaines suivants<\/p>\n\n<ul class=\"wp-block-list\"><li>Formation<\/li><li>L\u2019\u00e9valuation<\/li><li>Planification et mise en \u0153uvre <\/li><li>Mentorat et coaching<\/li><li>Recherche, ressources et engagement des parties prenantes<\/li><\/ul>\n\n<p>Des conseils et des orientations sont fournis sur les points suivants<\/p>\n\n<ul class=\"wp-block-list\"><li>O\u00f9 commencer et comment \u00e9laborer un plan r\u00e9alisable.<\/li><li>Obtenir les meilleurs r\u00e9sultats pour les priorit\u00e9s de votre organisation.<\/li><li>Veiller \u00e0 ce que la voix de toutes les parties prenantes, y compris les personnes handicap\u00e9es, soit incluse et engag\u00e9e dans vos plans. <\/li><\/ul>\n\n<p><strong>Nous \u0153uvrons ensemble pour un monde beaucoup plus inclusif.<\/strong><\/p>\n\n<section role=\"region\" id=\"accordion-block_e06dd8aea47871253b58f7ffa3598ac5\" class=\"accordion\">\n    \t\t<div class=\"collapse\">\n            \n\t\t\t<div class=\"collapsible\">\n                <h3>Programmes de formation personnalis\u00e9s<\/h3>\n                                <div class=\"details\">\n                <p>Que vous cherchiez une formation pour vos cadres, vos chefs d&rsquo;\u00e9quipe ou vos employ\u00e9s, la formation est imp\u00e9rative pour renforcer les capacit\u00e9s et la confiance.<\/p>\n<p>La formation permet \u00e0 votre personnel de disposer des meilleures ressources et des meilleurs outils pour r\u00e9ussir.<\/p>\n<p>Aequum peut personnaliser des programmes qui r\u00e9pondent \u00e0 vos besoins particuliers. Offerts en anglais ou en fran\u00e7ais, virtuellement ou en personne, nous pouvons offrir des webinaires en direct ou pr\u00e9enregistr\u00e9s qui permettront une meilleure compr\u00e9hension des avantages, de la valeur et des responsabilit\u00e9s en mati\u00e8re d&rsquo;accessibilit\u00e9 au sein de votre organisation. <\/p>\n<p>Les sujets de formation peuvent inclure<\/p>\n<ul>\n<li>Sensibilisation et compr\u00e9hension des obstacles et des exp\u00e9riences v\u00e9cues par les personnes ayant une grande vari\u00e9t\u00e9 de handicaps et de besoins d&rsquo;acc\u00e8s, y compris avec des animaux d&rsquo;assistance.<\/li>\n<li>Les meilleures pratiques pour atteindre la diversit\u00e9, l&rsquo;\u00e9quit\u00e9, l&rsquo;inclusion et l&rsquo;accessibilit\u00e9 dans votre entreprise, y compris dans les ressources humaines, la communication, les \u00e9v\u00e9nements accessibles et le retour d&rsquo;information.<\/li>\n<li>Comment r\u00e9pondre aux normes ou aux exigences de conformit\u00e9 r\u00e9glementaire pour les sites Web ou les applications accessibles (par exemple, les lignes directrices WCAG 2.2, E.N. 301.549, etc.)<\/li>\n<li>Comment cr\u00e9er des documents accessibles (par exemple, ISO S71, normes PDF UI)<\/li>\n<li>Comment tester l&rsquo;accessibilit\u00e9 du contenu.<\/li>\n<li>Comment les utilisateurs handicap\u00e9s interagissent avec les propri\u00e9t\u00e9s num\u00e9riques \u00e0 l&rsquo;aide de technologies d&rsquo;assistance.<\/li>\n<li>Comprendre les exigences en mati\u00e8re d&rsquo;espaces de travail, de services et d&rsquo;environnements b\u00e2tis inclusifs et accessibles.<\/li>\n<li>Et bien d&rsquo;autres choses encore. Nous adaptons le contenu de la formation et les \u00e9v\u00e9nements \u00e0 vos besoins.<\/li>\n<\/ul>\n                <\/div>\n                            <\/div>\n\n\t\t\t\n\t\t\t<div class=\"collapsible\">\n                <h3>\u00c9valuations<\/h3>\n                                <div class=\"details\">\n                <p>Les \u00e9valuations portent sur la maturit\u00e9, le lieu de travail, les environnements b\u00e2tis, les documents, les sites web et les technologies de communication.<\/p>\n<p>Une \u00e9valuation de la maturit\u00e9 est un outil puissant pour aider une organisation \u00e0 savoir par o\u00f9 commencer lorsqu&rsquo;elle entame son voyage vers l&rsquo;accessibilit\u00e9.<\/p>\n<p>Aequum est \u00e9quip\u00e9 pour mener des \u00e9valuations approfondies sur l&rsquo;accessibilit\u00e9 qui aideront les organisations \u00e0 comprendre et \u00e0 planifier leurs besoins actuels et futurs. De plus, vous pourriez \u00eatre mieux plac\u00e9\/que vous ne le pensez !  Les \u00e9valuations peuvent inclure<\/p>\n<ul>\n<li>Des \u00e9valuations de maturit\u00e9 \u00e0 l&rsquo;\u00e9chelle de l&rsquo;organisation dans tous les d\u00e9partements afin d&rsquo;\u00e9valuer l&rsquo;\u00e9tat actuel.<\/li>\n<li>Des \u00e9valuations sur place du lieu de travail et de l&rsquo;environnement b\u00e2ti, afin d&rsquo;\u00e9clairer la conception et d&rsquo;identifier tout obstacle potentiel<\/li>\n<li>\u00c9valuations de l&rsquo;accessibilit\u00e9 des sites web.<\/li>\n<li>\u00c9valuations de l&rsquo;accessibilit\u00e9 des documents.<\/li>\n<\/ul>\n                <\/div>\n                            <\/div>\n\n\t\t\t\n\t\t\t<div class=\"collapsible\">\n                <h3>Planification<\/h3>\n                                <div class=\"details\">\n                <p>L&rsquo;accessibilit\u00e9 est une entreprise commune qui se r\u00e9alise gr\u00e2ce \u00e0 un plan solide et bien g\u00e9r\u00e9.<\/p>\n<p>Pour soutenir l&rsquo;accessibilit\u00e9 au sein d&rsquo;une organisation, elle doit \u00eatre int\u00e9gr\u00e9e dans le tissu et la culture de l&rsquo;entreprise.<\/p>\n<p>Aequum fournit des services d&rsquo;assistance et de conseil aux organisations qui souhaitent int\u00e9grer l&rsquo;accessibilit\u00e9 dans leurs processus quotidiens, afin qu&rsquo;ils puissent \u00eatre maintenus et que les progr\u00e8s puissent \u00eatre mesur\u00e9s et rapport\u00e9s. Ces services peuvent inclure l&rsquo;\u00e9laboration de<\/p>\n<ul>\n<li>De feuilles de route et de plans strat\u00e9giques avec des r\u00e9sultats mesurables.<\/li>\n<li>Une structure de gouvernance qui assure le contr\u00f4le et la responsabilit\u00e9.<\/li>\n<li>Une matrice de responsabilit\u00e9 et d&rsquo;accessibilit\u00e9 \u00e0 l&rsquo;\u00e9chelle de l&rsquo;entreprise.<\/li>\n<\/ul>\n                <\/div>\n                            <\/div>\n\n\t\t\t\n\t\t\t<div class=\"collapsible\">\n                <h3>Mentorat et coaching<\/h3>\n                                <div class=\"details\">\n                <p>\u00c9vitez l&rsquo;\u00e9puisement en mati\u00e8re d&rsquo;accessibilit\u00e9 en sachant comment vous pouvez influencer, diriger et soutenir plus efficacement votre organisation ou votre \u00e9quipe. Il est important de reconna\u00eetre les indicateurs ou les d\u00e9clencheurs qui peuvent vous submerger en tant que vecteur passionn\u00e9 de l&rsquo;accessibilit\u00e9 &#8211; et de savoir comment y r\u00e9pondre. <\/p>\n<p>M\u00eame les professionnels de l&rsquo;accessibilit\u00e9 peuvent b\u00e9n\u00e9ficier de conseils individuels, d&rsquo;un mentorat ou d&rsquo;un coaching. Peut-\u00eatre sur un d\u00e9fi particulier auquel vous \u00eates confront\u00e9. . N&rsquo;h\u00e9sitez pas \u00e0 nous contacter et nous pourrons vous mettre en relation avec un mentor ou un coach professionnel qui r\u00e9pondra au mieux \u00e0 vos besoins.<\/p>\n<p>Pr\u00eat \u00e0 d\u00e9velopper votre carri\u00e8re dans le domaine de l&rsquo;accessibilit\u00e9 ? ? N&rsquo;h\u00e9sitez pas \u00e0 contacter Aequum. Nous avons de nombreux partenaires qui peuvent vous offrir un mentorat et un coaching personnalis\u00e9s et prendre le temps de vous aider \u00e0 naviguer dans votre parcours d&rsquo;accessibilit\u00e9.<\/p>\n                <\/div>\n                            <\/div>\n\n\t\t\t\n\t\t\t<div class=\"collapsible\">\n                <h3>Innovation et recherche<\/h3>\n                                <div class=\"details\">\n                <p>L&rsquo;accessibilit\u00e9 et la technologie progressent et changent constamment. Assurez-vous que vos connaissances, vos ressources et vos efforts sont \u00e0 jour et valables. <\/p>\n<p>L&rsquo;accessibilit\u00e9 concerne des personnes r\u00e9elles dans des situations r\u00e9elles :<\/p>\n<p>Savez-vous qui sont vos diff\u00e9rentes parties prenantes ?<\/p>\n<p>Incluez-vous les utilisateurs ultimes, les planificateurs et les fournisseurs &#8211; ainsi que les autres personnes concern\u00e9es par vos efforts ?<\/p>\n<p>Appuyez-vous sur l&rsquo;engagement des parties prenantes pour vous assurer que votre travail est efficace et qu&rsquo;il r\u00e9pond v\u00e9ritablement aux besoins de vos diverses parties prenantes.<\/p>\n<p>La d\u00e9mographie et la fa\u00e7on dont les gens interagissent avec les produits et les services \u00e9voluent \u00e9galement, ce qui nous rappelle que nous devons \u00eatre proactif, r\u00e9actifs et agiles &#8211; capables de fournir des options qui r\u00e9pondent au mieux aux besoins des utilisateurs.<\/p>\n<p>Aequum travaille en \u00e9troite collaboration avec plusieurs partenaires de recherche qui peuvent :<\/p>\n<ul>\n<li>Garantir la participation et l&rsquo;engagement des parties prenantes.<\/li>\n<li>Fournir des ressources actuelles.<\/li>\n<li>Mener des recherches sur des sujets sp\u00e9cifiques par le biais d&rsquo;analyses, de groupes de discussion et de laboratoires de conception d&rsquo;innovation.<\/li>\n<\/ul>\n                <\/div>\n                            <\/div>\n\n\t\t\t\t\t<\/div>\n\t<\/section>","protected":false},"excerpt":{"rendered":"<p>Aequum Global Access et son r\u00e9seau de partenaires exp\u00e9riment\u00e9s peuvent vous offrir des services qui vous aideront \u00e0 identifier et \u00e0 r\u00e9pondre \u00e0 vos besoins, avec une expertise et des pratiques exemplaires en mati\u00e8re d&rsquo;accessibilit\u00e9 et d&rsquo;inclusion. Les services sont disponibles dans les domaines suivants Formation L\u2019\u00e9valuation Planification et mise en \u0153uvre Mentorat et coaching&#8230; <a class=\"read-more\" href=\"https:\/\/aequumaccess.com\/fr\/nos-services\/\">Read More<span class=\"hidden\"> about \u00ab\u00a0Nos services\u00a0\u00bb<\/span><\/a><\/p>\n","protected":false},"author":1,"featured_media":0,"parent":0,"menu_order":30,"comment_status":"closed","ping_status":"closed","template":"","meta":{"_acf_changed":false,"footnotes":""},"class_list":["post-2060","page","type-page","status-publish","hentry"],"acf":[],"yoast_head":"<!-- This site is optimized with the Yoast SEO plugin v27.5 - https:\/\/yoast.com\/product\/yoast-seo-wordpress\/ -->\n<title>Nos services - Aequum Global Access<\/title>\n<meta name=\"robots\" content=\"index, follow, max-snippet:-1, max-image-preview:large, max-video-preview:-1\" \/>\n<link rel=\"canonical\" href=\"https:\/\/aequumaccess.com\/fr\/nos-services\/\" \/>\n<meta property=\"og:locale\" content=\"fr_FR\" \/>\n<meta property=\"og:type\" content=\"article\" \/>\n<meta property=\"og:title\" content=\"Nos services - Aequum Global Access\" \/>\n<meta property=\"og:description\" content=\"Aequum Global Access et son r\u00e9seau de partenaires exp\u00e9riment\u00e9s peuvent vous offrir des services qui vous aideront \u00e0 identifier et \u00e0 r\u00e9pondre \u00e0 vos besoins, avec une expertise et des pratiques exemplaires en mati\u00e8re d&rsquo;accessibilit\u00e9 et d&rsquo;inclusion. Les services sont disponibles dans les domaines suivants Formation L\u2019\u00e9valuation Planification et mise en \u0153uvre Mentorat et coaching... Read More about &quot;Nos services&quot;\" \/>\n<meta property=\"og:url\" content=\"https:\/\/aequumaccess.com\/fr\/nos-services\/\" \/>\n<meta property=\"og:site_name\" content=\"Aequum Global Access\" \/>\n<meta property=\"article:modified_time\" content=\"2023-10-30T18:55:18+00:00\" \/>\n<meta name=\"twitter:card\" content=\"summary_large_image\" \/>\n<meta name=\"twitter:label1\" content=\"Dur\u00e9e de lecture estim\u00e9e\" \/>\n\t<meta name=\"twitter:data1\" content=\"1 minute\" \/>\n<script type=\"application\/ld+json\" class=\"yoast-schema-graph\">{\"@context\":\"https:\\\/\\\/schema.org\",\"@graph\":[{\"@type\":\"WebPage\",\"@id\":\"https:\\\/\\\/aequumaccess.com\\\/fr\\\/nos-services\\\/\",\"url\":\"https:\\\/\\\/aequumaccess.com\\\/fr\\\/nos-services\\\/\",\"name\":\"Nos services - Aequum Global Access\",\"isPartOf\":{\"@id\":\"https:\\\/\\\/aequumaccess.com\\\/fr\\\/#website\"},\"datePublished\":\"2023-03-13T15:26:07+00:00\",\"dateModified\":\"2023-10-30T18:55:18+00:00\",\"breadcrumb\":{\"@id\":\"https:\\\/\\\/aequumaccess.com\\\/fr\\\/nos-services\\\/#breadcrumb\"},\"inLanguage\":\"fr-FR\",\"potentialAction\":[{\"@type\":\"ReadAction\",\"target\":[\"https:\\\/\\\/aequumaccess.com\\\/fr\\\/nos-services\\\/\"]}]},{\"@type\":\"BreadcrumbList\",\"@id\":\"https:\\\/\\\/aequumaccess.com\\\/fr\\\/nos-services\\\/#breadcrumb\",\"itemListElement\":[{\"@type\":\"ListItem\",\"position\":1,\"name\":\"Home\",\"item\":\"https:\\\/\\\/aequumaccess.com\\\/fr\\\/elargissez-votre-vision\\\/\"},{\"@type\":\"ListItem\",\"position\":2,\"name\":\"Nos services\"}]},{\"@type\":\"WebSite\",\"@id\":\"https:\\\/\\\/aequumaccess.com\\\/fr\\\/#website\",\"url\":\"https:\\\/\\\/aequumaccess.com\\\/fr\\\/\",\"name\":\"Aequum Global Access\",\"description\":\"Aequum Global Access\",\"publisher\":{\"@id\":\"https:\\\/\\\/aequumaccess.com\\\/fr\\\/#organization\"},\"potentialAction\":[{\"@type\":\"SearchAction\",\"target\":{\"@type\":\"EntryPoint\",\"urlTemplate\":\"https:\\\/\\\/aequumaccess.com\\\/fr\\\/?s={search_term_string}\"},\"query-input\":{\"@type\":\"PropertyValueSpecification\",\"valueRequired\":true,\"valueName\":\"search_term_string\"}}],\"inLanguage\":\"fr-FR\"},{\"@type\":\"Organization\",\"@id\":\"https:\\\/\\\/aequumaccess.com\\\/fr\\\/#organization\",\"name\":\"Aequum Global Access\",\"url\":\"https:\\\/\\\/aequumaccess.com\\\/fr\\\/\",\"logo\":{\"@type\":\"ImageObject\",\"inLanguage\":\"fr-FR\",\"@id\":\"https:\\\/\\\/aequumaccess.com\\\/fr\\\/#\\\/schema\\\/logo\\\/image\\\/\",\"url\":\"https:\\\/\\\/aequumaccess.com\\\/wp-content\\\/uploads\\\/2022\\\/10\\\/UA_wordmark-black.png\",\"contentUrl\":\"https:\\\/\\\/aequumaccess.com\\\/wp-content\\\/uploads\\\/2022\\\/10\\\/UA_wordmark-black.png\",\"width\":1000,\"height\":355,\"caption\":\"Aequum Global Access\"},\"image\":{\"@id\":\"https:\\\/\\\/aequumaccess.com\\\/fr\\\/#\\\/schema\\\/logo\\\/image\\\/\"}}]}<\/script>\n<!-- \/ Yoast SEO plugin. -->","yoast_head_json":{"title":"Nos services - Aequum Global Access","robots":{"index":"index","follow":"follow","max-snippet":"max-snippet:-1","max-image-preview":"max-image-preview:large","max-video-preview":"max-video-preview:-1"},"canonical":"https:\/\/aequumaccess.com\/fr\/nos-services\/","og_locale":"fr_FR","og_type":"article","og_title":"Nos services - Aequum Global Access","og_description":"Aequum Global Access et son r\u00e9seau de partenaires exp\u00e9riment\u00e9s peuvent vous offrir des services qui vous aideront \u00e0 identifier et \u00e0 r\u00e9pondre \u00e0 vos besoins, avec une expertise et des pratiques exemplaires en mati\u00e8re d&rsquo;accessibilit\u00e9 et d&rsquo;inclusion. Les services sont disponibles dans les domaines suivants Formation L\u2019\u00e9valuation Planification et mise en \u0153uvre Mentorat et coaching... Read More about \"Nos services\"","og_url":"https:\/\/aequumaccess.com\/fr\/nos-services\/","og_site_name":"Aequum Global Access","article_modified_time":"2023-10-30T18:55:18+00:00","twitter_card":"summary_large_image","twitter_misc":{"Dur\u00e9e de lecture estim\u00e9e":"1 minute"},"schema":{"@context":"https:\/\/schema.org","@graph":[{"@type":"WebPage","@id":"https:\/\/aequumaccess.com\/fr\/nos-services\/","url":"https:\/\/aequumaccess.com\/fr\/nos-services\/","name":"Nos services - Aequum Global Access","isPartOf":{"@id":"https:\/\/aequumaccess.com\/fr\/#website"},"datePublished":"2023-03-13T15:26:07+00:00","dateModified":"2023-10-30T18:55:18+00:00","breadcrumb":{"@id":"https:\/\/aequumaccess.com\/fr\/nos-services\/#breadcrumb"},"inLanguage":"fr-FR","potentialAction":[{"@type":"ReadAction","target":["https:\/\/aequumaccess.com\/fr\/nos-services\/"]}]},{"@type":"BreadcrumbList","@id":"https:\/\/aequumaccess.com\/fr\/nos-services\/#breadcrumb","itemListElement":[{"@type":"ListItem","position":1,"name":"Home","item":"https:\/\/aequumaccess.com\/fr\/elargissez-votre-vision\/"},{"@type":"ListItem","position":2,"name":"Nos services"}]},{"@type":"WebSite","@id":"https:\/\/aequumaccess.com\/fr\/#website","url":"https:\/\/aequumaccess.com\/fr\/","name":"Aequum Global Access","description":"Aequum Global Access","publisher":{"@id":"https:\/\/aequumaccess.com\/fr\/#organization"},"potentialAction":[{"@type":"SearchAction","target":{"@type":"EntryPoint","urlTemplate":"https:\/\/aequumaccess.com\/fr\/?s={search_term_string}"},"query-input":{"@type":"PropertyValueSpecification","valueRequired":true,"valueName":"search_term_string"}}],"inLanguage":"fr-FR"},{"@type":"Organization","@id":"https:\/\/aequumaccess.com\/fr\/#organization","name":"Aequum Global Access","url":"https:\/\/aequumaccess.com\/fr\/","logo":{"@type":"ImageObject","inLanguage":"fr-FR","@id":"https:\/\/aequumaccess.com\/fr\/#\/schema\/logo\/image\/","url":"https:\/\/aequumaccess.com\/wp-content\/uploads\/2022\/10\/UA_wordmark-black.png","contentUrl":"https:\/\/aequumaccess.com\/wp-content\/uploads\/2022\/10\/UA_wordmark-black.png","width":1000,"height":355,"caption":"Aequum Global Access"},"image":{"@id":"https:\/\/aequumaccess.com\/fr\/#\/schema\/logo\/image\/"}}]}},"_links":{"self":[{"href":"https:\/\/aequumaccess.com\/fr\/wp-json\/wp\/v2\/pages\/2060","targetHints":{"allow":["GET"]}}],"collection":[{"href":"https:\/\/aequumaccess.com\/fr\/wp-json\/wp\/v2\/pages"}],"about":[{"href":"https:\/\/aequumaccess.com\/fr\/wp-json\/wp\/v2\/types\/page"}],"author":[{"embeddable":true,"href":"https:\/\/aequumaccess.com\/fr\/wp-json\/wp\/v2\/users\/1"}],"replies":[{"embeddable":true,"href":"https:\/\/aequumaccess.com\/fr\/wp-json\/wp\/v2\/comments?post=2060"}],"version-history":[{"count":1,"href":"https:\/\/aequumaccess.com\/fr\/wp-json\/wp\/v2\/pages\/2060\/revisions"}],"predecessor-version":[{"id":2061,"href":"https:\/\/aequumaccess.com\/fr\/wp-json\/wp\/v2\/pages\/2060\/revisions\/2061"}],"wp:attachment":[{"href":"https:\/\/aequumaccess.com\/fr\/wp-json\/wp\/v2\/media?parent=2060"}],"curies":[{"name":"wp","href":"https:\/\/api.w.org\/{rel}","templated":true}]}}