{"id":2053,"date":"2023-03-13T08:22:59","date_gmt":"2023-03-13T15:22:59","guid":{"rendered":"https:\/\/aequumaccess.com\/a-propos-daequum\/"},"modified":"2025-02-05T09:11:31","modified_gmt":"2025-02-05T17:11:31","slug":"a-propos-daequum","status":"publish","type":"page","link":"https:\/\/aequumaccess.com\/fr\/a-propos-daequum\/","title":{"rendered":"\u00c0 propos d&rsquo;Aequum"},"content":{"rendered":"\n<div id=\"hero-block_f6e7e6bc0bd12bb1be460b97b623a1c7\" class=\"hero\">\n    \t\t\n\n        <div class=\"inner_block\">\n            \n            <div class=\"details\">\n                <h1 id=\"main\">\u00c0 propos d&rsquo;Aequum<\/h1>\n                <p>Aequum Global Access Inc. s&rsquo;engage \u00e0 aider votre organisation \u00e0 atteindre l&rsquo;accessibilit\u00e9 et l&rsquo;inclusion d&rsquo;une mani\u00e8re qui r\u00e9pond le mieux \u00e0 vos besoins.<\/p>\n            <\/div>\n        <\/div>\n\t\t\n\t<\/div>\n\n\n<p>Si vous avez besoin d&rsquo;aide dans un domaine particulier ou si vous avez des besoins g\u00e9n\u00e9raux, nous pouvons faire en sorte que cela fonctionne pour vous. Nous proposons des services dans des domaines tels que <\/p>\n\n\n\n<ul class=\"wp-block-list\">\n<li>Formation et sensibilisation : Sensibilisation au handicap et \u00e0 l&rsquo;accessibilit\u00e9 et formation technique pour le personnel et les dirigeants.<\/li>\n\n\n\n<li>Nous vous aidons \u00e0 mettre en \u0153uvre les meilleures pratiques num\u00e9riques et mobiles. <\/li>\n\n\n\n<li>En vous mettant en relation avec des experts en accessibilit\u00e9 et en inclusion, vous devenez un employeur et un prestataire de services de choix.<\/li>\n\n\n\n<li>En s&rsquo;appuyant sur la collaboration entre les utilisateurs et les consommateurs, les d\u00e9veloppeurs et les personnes charg\u00e9es de la mise en \u0153uvre, ainsi que sur les recherches et les pratiques les plus r\u00e9centes.<\/li>\n\n\n\n<li>Fournir des outils et des ressources pour atteindre et soutenir la conformit\u00e9 exig\u00e9e par un certain nombre de r\u00e9glementations en mati\u00e8re d&rsquo;accessibilit\u00e9 telles que La Loi Canadienne sur l\u2019Accessibility\/ (ACA), l&rsquo;AODA, la section 508, la section 503, la FCC et les dispositions de la Convention des Nations Unies sur la protection des droits de toutes les personnes en situation d\u2019handicapes, travailleurs migrants et des membres de leur famille.<\/li>\n<\/ul>\n\n\n\n<p>Visitez la page <a href=\"https:\/\/aequumaccess.com\/our-services\/\">\u201cNos services\u201d<\/a> pour plus de d\u00e9tails sur les services sp\u00e9cifiques d&rsquo;Aequum.<\/p>\n\n\n\n<h2 class=\"wp-block-heading\">Notre Histoire<\/h2>\n\n\n\n<p>Aequum est le fruit du travail de personnes qui se sont engag\u00e9es \u00e0 r\u00e9aliser l&rsquo;accessibilit\u00e9 et l&rsquo;inclusion dans leurs communaut\u00e9s depuis plus de 20 ans. Aequum conna\u00eet l&rsquo;importance de la collaboration et s&rsquo;appuie sur cette pierre angulaire. Les parties prenantes, compos\u00e9es de clients, de leurs clients, de personnes en situation d\u2019handicape, de professionnels et sont essentielles \u00e0 la r\u00e9alisation d&rsquo;un monde accessible et inclusif.  <\/p>\n\n\n\n<p>Aequum Global Access a \u00e9t\u00e9 fond\u00e9 et est dirig\u00e9 par ses principaux dirigeants :<\/p>\n\n\n\n<h2 class=\"wp-block-heading\">Pina D\u2019Intino, M.Des., PMP, CPACC<\/h2>\n\n\n\n<p>Pina est le pouls d&rsquo;Aequum Global Access. Forte d&rsquo;une exp\u00e9rience v\u00e9cue, elle est une experte internationalement reconnue qui promeut activement l&rsquo;accessibilit\u00e9 et l&rsquo;inclusion, tant du point de vue de la direction ainsi que de celui de la personne. <\/p>\n\n\n\n<p>Pina a acquis plus de 29 ans d&rsquo;exp\u00e9rience dans une grande institution financi\u00e8re mondiale., Au cours des 20 derni\u00e8res ann\u00e9es, elle a \u00e9t\u00e9 la pionni\u00e8re et la fondatrice d&rsquo;un centre interinstitutionnel pour l&rsquo;accessibilit\u00e9 et l&rsquo;inclusion au seind de cette institution et dans sa communaut\u00e9.<\/p>\n\n\n\n<p>Pina fait le lien entre la dynamique de l&rsquo;organisation, les points de vue des employ\u00e9s et des clients, afin d&rsquo;\u00e9tablir un environnement de meilleures pratiques. Titulaire d&rsquo;une ma\u00eetrise en design et en conception inclusive, Pina estime qu&rsquo;il est important de veiller \u00e0 ce que la voix des personnes mal desservies soit amplifi\u00e9e et prise en compte, en particulier lors de la conception, de l&rsquo;\u00e9laboration et de la fourniture de produits et de services destin\u00e9s \u00e0 la communaut\u00e9 la plus large, afin de s&rsquo;assurer que personne n&rsquo;est laiss\u00e9 pour compte.  <\/p>\n\n\n\n<p>L&rsquo;exp\u00e9rience de Pina en mati\u00e8re de collaboration avec tous les niveaux de gestion &#8211; y compris les cadres et les dirigeants &#8211; et d&rsquo;\u00e9laboration de plans et de visions strat\u00e9giques a aid\u00e9 les entreprises \u00e0 mieux comprendre leur situation actuelle en mati\u00e8re d&rsquo;accessibilit\u00e9 et d&rsquo;inclusion. Cela permet \u00e0 l&rsquo;organisation de s&rsquo;assurer que les changements se traduisent par un changement culturel et organisationnel efficace et mesurable.  <\/p>\n\n\n\n<p>En 2013, Pina a re\u00e7u la m\u00e9daille en diamant jubil\u00e9 de la Reine Elizabeth 2des mains du lieutenant-gouverneur du Canada, l&rsquo;honorable David Onley, pour son travail dans le domaine de l&rsquo;accessibilit\u00e9 \u00e0 l&#8217;emploi. \u00c0 l&rsquo;automne 2022, elle a \u00e9t\u00e9 nomm\u00e9e conseill\u00e8re principale pour l\u2019initiative d\u2019un Conseil d&rsquo;entreprise pour l&rsquo;inclusion des personnes handicap\u00e9es, en soutien \u00e0 la Direction g\u00e9n\u00e9rale de l&#8217;emploi social (SEP) et \u00e0 la ministre Carla Qualtrough.<\/p>\n\n\n\n<p>Pour plus d&rsquo;informations sur Pina, veuillez consulter <a href=\"http:\/\/www.linkedin.com\/in\/pinadintino\" target=\"_blank\" aria-label=\"Opens in a new tab.\" rel=\"noreferrer noopener\">sa page LinkedIn<\/a>.<\/p>\n\n\n\n<h2 class=\"wp-block-heading\">David Wysocki, M.Sc., OT Reg. (Ont.) <\/h2>\n\n\n\n<p>David travaille avec diligence depuis plus de 25 ans, \u00e0 travers l&rsquo;Am\u00e9rique du Nord, pour les meilleures pratiques et l&rsquo;inclusion des clients dans la communaut\u00e9 et dans la main-d&rsquo;\u0153uvre moderne, pour les personnes ayant une grande vari\u00e9t\u00e9 de handicaps et de besoins en mati\u00e8re d&rsquo;accessibilit\u00e9. <\/p>\n\n\n\n<p>David est publi\u00e9. Il a \u00e9t\u00e9 le b\u00e9n\u00e9ficiaire et le directeur de plusieurs projets financ\u00e9s par des fonds importants dans le domaine de l&rsquo;acc\u00e8s au travail moderne pour les personnes handicap\u00e9es et des meilleures pratiques communautaires pour les animaux de service. <\/p>\n\n\n\n<p>David a impr\u00e9gn\u00e9 des principes de la pratique centr\u00e9e sur le client et envisage les choses sous l&rsquo;angle de la fonction, de l&rsquo;environnement, des objectifs du client et de l&rsquo;exp\u00e9rience de l&rsquo;utilisateur, y compris dans les domaines physique, sensoriel, neurologique, psychosocial et cognitif. Sa formation d&rsquo;ergoth\u00e9rapeute lui permet \u00e9galement de comprendre la s\u00e9curit\u00e9 de l&rsquo;utilisateur final, les besoins m\u00e9dicaux et de r\u00e9\u00e9ducation, ainsi que les pr\u00e9occupations li\u00e9es au d\u00e9veloppement, \u00e0 l&rsquo;\u00e2ge et aux soins de sant\u00e9.  <\/p>\n\n\n\n<p>En fin de compte, David consid\u00e8re que tous les r\u00e9sultats affectent des personnes r\u00e9elles dans des situations r\u00e9elles. En 2022, David a re\u00e7u la m\u00e9daille de platine du jubil\u00e9 de la Reine Elizabeth II et le prix civique pour l&rsquo;accessibilit\u00e9 de la ville de Pickering. <\/p>\n\n\n\n<p>David poss\u00e8de une vaste exp\u00e9rience des efforts, grands et petits, professionnels et ax\u00e9s sur l&rsquo;accessibilit\u00e9 &#8211; de la repr\u00e9sentation au sein de comit\u00e9s de haut niveau \u00e0 l&rsquo;engagement communautaire. <\/p>\n\n\n\n<p>Pour plus d&rsquo;informations sur David, veuillez consulter <a href=\"http:\/\/www.linkedin.com\/in\/david-wysocki-aequumaccess\" target=\"_blank\" aria-label=\"Opens in a new tab.\" rel=\"noreferrer noopener\">sa page LinkedIn<\/a>.<\/p>\n\n\n\n<h2 class=\"wp-block-heading\">Barbara Myers, MCIP RPP<\/h2>\n\n\n\n<p>Barbara est urbaniste dans le secteur de la planification et de l&rsquo;architecture depuis 1980.<\/p>\n\n\n\n<p>Elle s&rsquo;est concentr\u00e9e sur le service aux clients institutionnels et \u00e0 but non lucratif en fournissant des \u00e9tudes de faisabilit\u00e9, des plans d&rsquo;accessibilit\u00e9, des programmes fonctionnels et des plans d&rsquo;exploitation et de gestion.<\/p>\n\n\n\n<p>Elle a \u00e9crit et men\u00e9 des recherches sur l&rsquo;accessibilit\u00e9, la durabilit\u00e9, les b\u00e2timents \u00e0 haute performance, la pratique professionnelle et les pratiques d&rsquo;engagement des parties prenantes.<\/p>\n\n\n\n<p>Barbara est actuellement gouverneur du Trust national du Canada et si\u00e8ge au comit\u00e9 d&rsquo;accessibilit\u00e9 de l&rsquo;universit\u00e9 Royal Roads. Elle est titulaire d&rsquo;une licence en arts de l&rsquo;universit\u00e9 Queen&rsquo;s, d&rsquo;une ma\u00eetrise en urbanisme de la facult\u00e9 d&rsquo;architecture de l&rsquo;universit\u00e9 du Manitoba, d&rsquo;un certificat en gouvernance des organisations \u00e0 but non lucratif de l&rsquo;Institut des administrateurs de soci\u00e9t\u00e9s et d&rsquo;un certificat en gestion de la Kellogg Graduate School of Management de l&rsquo;universit\u00e9 Northwestern de Chicago.<\/p>\n\n\n\n<p>Pour plus d&rsquo;informations sur Barbara, veuillez consulter <a href=\"https:\/\/www.linkedin.com\/in\/barbara-myers-mcip-rpp-b6b08b136\/\" target=\"_blank\" aria-label=\"Opens in a new tab.\" rel=\"noreferrer noopener\">sa page LinkedIn<\/a>.<\/p>\n\n\n\n<h2 class=\"wp-block-heading\">Jennifer Chadwick, CPACC, CUA, CXR<\/h2>\n\n\n\n<p>Jennifer est une strat\u00e8ge chevronn\u00e9e en mati\u00e8re d&rsquo;accessibilit\u00e9 num\u00e9rique, avec plus de 15 ans d&rsquo;exp\u00e9rience dans la conception inclusive de sites Web, d&rsquo;applications mobiles, de multim\u00e9dia et de documents. Elle conseille les organisations sur les politiques d&rsquo;accessibilit\u00e9, les normes d&rsquo;approvisionnement et la conformit\u00e9 l\u00e9gale (<a href=\"https:\/\/www.w3.org\/TR\/WCAG22\/\">WCAG 2.2<\/a>, <a href=\"https:\/\/laws-lois.justice.gc.ca\/fra\/lois\/A-0.6\/page-1.html\">LCA<\/a>, <a href=\"https:\/\/www.aoda.ca\/the-act\/\">LAPHO<\/a>, <a href=\"https:\/\/www.ada.gov\/\">ADA<\/a>, <a href=\"https:\/\/www.access-board.gov\/about\/law\/ra.html#section-508-federal-electronic-and-information-technology\">Section 508<\/a>, <a href=\"https:\/\/www.etsi.org\/deliver\/etsi_en\/301500_301599\/301549\/03.02.01_60\/en_301549v030201p.pdf\">EN 301 549<\/a>). Jennifer guide les dirigeants et les \u00e9quipes dans l&rsquo;adoption de strat\u00e9gies de conception accessible par le biais de formations, de coaching bas\u00e9 sur les r\u00f4les, de sessions de co-conception, d&rsquo;audits de produits et de documentation sur les politiques.\u00a0 Elle est sp\u00e9cialis\u00e9e dans l&rsquo;\u00e9laboration et la mise en \u0153uvre de plans d&rsquo;action visant \u00e0 rendre l&rsquo;accessibilit\u00e9 op\u00e9rationnelle dans les \u00e9quipes charg\u00e9es des produits, des services \u00e0 la client\u00e8le, du marketing, des ressources humaines et des achats. Elle donne aux professionnels qualifi\u00e9s les moyens de renforcer leurs connaissances et leurs capacit\u00e9s, de s&rsquo;approprier l&rsquo;accessibilit\u00e9 dans leur travail quotidien et de cr\u00e9er des exp\u00e9riences agr\u00e9ables pour les personnes handicap\u00e9es.<\/p>\n\n\n\n<p>Elle a particip\u00e9 \u00e0 l&rsquo;\u00e9laboration d&rsquo;un processus de passation de march\u00e9s pour le gouvernement du Canada et a guid\u00e9 le langage de passation de march\u00e9s pour le Parlement europ\u00e9en. Jennifer copr\u00e9side le groupe communautaire <a href=\"https:\/\/www.w3.org\/community\/arrm\/\">la cartographie des r\u00f4les et des responsabilit\u00e9s en mati\u00e8re d&rsquo;accessibilit\u00e9 (ARRM)<\/a> au sein du <a href=\"https:\/\/www.w3.org\/\">World Wide Web Consortium (W3C)<\/a> et a contribu\u00e9 aux WCAG 3.0 (Silver) dans le cadre du groupe de travail AGWG et <a href=\"https:\/\/www.w3.org\/WAI\/about\/groups\/task-forces\/conformance-testing\/\">les tests de conformit\u00e9 de l&rsquo;accessibilit\u00e9 (ACT)<\/a> 1.0. Jennifer est un membre prim\u00e9 de l&rsquo;<a href=\"https:\/\/www.accessibilityassociation.org\/s\/\">IAAP<\/a> et du <a href=\"https:\/\/g3ict.org\/\">G3ict<\/a> et une formatrice certifi\u00e9e AODA. Elle a donn\u00e9 de nombreuses conf\u00e9rences sur l&rsquo;accessibilit\u00e9, notamment au CSUN, \u00e0 l&rsquo;AccessU de Knowbility, \u00e0 l&rsquo;Universit\u00e9 de Toronto et \u00e0 l&rsquo;Osgoode School of Law de l&rsquo;Universit\u00e9 de York.\u00a0 Elle a \u00e9t\u00e9 invit\u00e9e par le Forum europ\u00e9en des personnes handicap\u00e9es (FEPH) \u00e0 s&rsquo;exprimer lors des conf\u00e9rences des \u00c9tats parties des Nations unies (COSP) en 2018 et 2022.<\/p>\n\n\n\n<p>Pour plus d&rsquo;informations sur jennifer, veuillez consulter <a href=\"https:\/\/www.linkedin.com\/in\/309creative\/\" target=\"_blank\" aria-label=\"Opens in a new tab.\" rel=\"noreferrer noopener\">sa page LinkedIn<\/a>.<\/p>\n\n\n\n<h2 class=\"wp-block-heading\">Un r\u00e9seau de professionnels de l&rsquo;accessibilit\u00e9 et de l&rsquo;inclusion <\/h2>\n\n\n\n<p>Aequum est constitu\u00e9 d&rsquo;un vaste r\u00e9seau de professionnels de l&rsquo;accessibilit\u00e9, trop nombreux pour \u00eatre d\u00e9taill\u00e9s. Ils repr\u00e9sentent les domaines suivants <\/p>\n\n\n\n<ul class=\"wp-block-list\">\n<li>Acc\u00e8s aux sites web et aux TIC &#8211; \u00c9valuation et rem\u00e9diation<\/li>\n\n\n\n<li>L&rsquo;environnement b\u00e2ti<\/li>\n\n\n\n<li>L&rsquo;environnement r\u00e9glementaire<\/li>\n\n\n\n<li>Droit de l&rsquo;accessibilit\u00e9<\/li>\n\n\n\n<li>D\u00e9veloppement professionnel et certification<\/li>\n\n\n\n<li>Accessibilit\u00e9 internationale<\/li>\n\n\n\n<li>Soutien aux Nations Unies pour les droits des personnes en situation D\u2019handicapes (UNCRPD)<\/li>\n\n\n\n<li>Accessibilit\u00e9 organisationnelle<\/li>\n\n\n\n<li>\u00c9ducation et formation<\/li>\n\n\n\n<li>D\u00e9veloppement de mod\u00e8les d&rsquo;enseignement, de recherche et de meilleures pratiques<\/li>\n\n\n\n<li>Environnements f\u00e9d\u00e9raux, provinciaux et autres environnements gouvernementaux<\/li>\n\n\n\n<li>Planification, gestion de projet et cartographie<\/li>\n<\/ul>\n","protected":false},"excerpt":{"rendered":"<p>Si vous avez besoin d&rsquo;aide dans un domaine particulier ou si vous avez des besoins g\u00e9n\u00e9raux, nous pouvons faire en sorte que cela fonctionne pour vous. Nous proposons des services dans des domaines tels que Visitez la page \u201cNos services\u201d pour plus de d\u00e9tails sur les services sp\u00e9cifiques d&rsquo;Aequum. Notre Histoire Aequum est le fruit&#8230; <a class=\"read-more\" href=\"https:\/\/aequumaccess.com\/fr\/a-propos-daequum\/\">Read More<span class=\"hidden\"> about \u00ab\u00a0\u00c0 propos d&rsquo;Aequum\u00a0\u00bb<\/span><\/a><\/p>\n","protected":false},"author":1,"featured_media":0,"parent":0,"menu_order":20,"comment_status":"closed","ping_status":"closed","template":"","meta":{"_acf_changed":false,"footnotes":""},"class_list":["post-2053","page","type-page","status-publish","hentry"],"acf":[],"yoast_head":"<!-- This site is optimized with the Yoast SEO plugin v27.3 - https:\/\/yoast.com\/product\/yoast-seo-wordpress\/ -->\n<title>\u00c0 propos d&#039;Aequum - Aequum Global Access<\/title>\n<meta name=\"robots\" content=\"index, follow, max-snippet:-1, max-image-preview:large, max-video-preview:-1\" \/>\n<link rel=\"canonical\" href=\"https:\/\/aequumaccess.com\/fr\/a-propos-daequum\/\" \/>\n<meta property=\"og:locale\" content=\"fr_FR\" \/>\n<meta property=\"og:type\" content=\"article\" \/>\n<meta property=\"og:title\" content=\"\u00c0 propos d&#039;Aequum - Aequum Global Access\" \/>\n<meta property=\"og:description\" content=\"Si vous avez besoin d&rsquo;aide dans un domaine particulier ou si vous avez des besoins g\u00e9n\u00e9raux, nous pouvons faire en sorte que cela fonctionne pour vous. Nous proposons des services dans des domaines tels que Visitez la page \u201cNos services\u201d pour plus de d\u00e9tails sur les services sp\u00e9cifiques d&rsquo;Aequum. Notre Histoire Aequum est le fruit... Read More about &quot;\u00c0 propos d&rsquo;Aequum&quot;\" \/>\n<meta property=\"og:url\" content=\"https:\/\/aequumaccess.com\/fr\/a-propos-daequum\/\" \/>\n<meta property=\"og:site_name\" content=\"Aequum Global Access\" \/>\n<meta property=\"article:modified_time\" content=\"2025-02-05T17:11:31+00:00\" \/>\n<meta name=\"twitter:card\" content=\"summary_large_image\" \/>\n<meta name=\"twitter:label1\" content=\"Dur\u00e9e de lecture estim\u00e9e\" \/>\n\t<meta name=\"twitter:data1\" content=\"7 minutes\" \/>\n<script type=\"application\/ld+json\" class=\"yoast-schema-graph\">{\"@context\":\"https:\\\/\\\/schema.org\",\"@graph\":[{\"@type\":\"WebPage\",\"@id\":\"https:\\\/\\\/aequumaccess.com\\\/fr\\\/a-propos-daequum\\\/\",\"url\":\"https:\\\/\\\/aequumaccess.com\\\/fr\\\/a-propos-daequum\\\/\",\"name\":\"\u00c0 propos d'Aequum - Aequum Global Access\",\"isPartOf\":{\"@id\":\"https:\\\/\\\/aequumaccess.com\\\/fr\\\/#website\"},\"datePublished\":\"2023-03-13T15:22:59+00:00\",\"dateModified\":\"2025-02-05T17:11:31+00:00\",\"breadcrumb\":{\"@id\":\"https:\\\/\\\/aequumaccess.com\\\/fr\\\/a-propos-daequum\\\/#breadcrumb\"},\"inLanguage\":\"fr-FR\",\"potentialAction\":[{\"@type\":\"ReadAction\",\"target\":[\"https:\\\/\\\/aequumaccess.com\\\/fr\\\/a-propos-daequum\\\/\"]}]},{\"@type\":\"BreadcrumbList\",\"@id\":\"https:\\\/\\\/aequumaccess.com\\\/fr\\\/a-propos-daequum\\\/#breadcrumb\",\"itemListElement\":[{\"@type\":\"ListItem\",\"position\":1,\"name\":\"Home\",\"item\":\"https:\\\/\\\/aequumaccess.com\\\/fr\\\/elargissez-votre-vision\\\/\"},{\"@type\":\"ListItem\",\"position\":2,\"name\":\"\u00c0 propos d&#8217;Aequum\"}]},{\"@type\":\"WebSite\",\"@id\":\"https:\\\/\\\/aequumaccess.com\\\/fr\\\/#website\",\"url\":\"https:\\\/\\\/aequumaccess.com\\\/fr\\\/\",\"name\":\"Aequum Global Access\",\"description\":\"Aequum Global Access\",\"publisher\":{\"@id\":\"https:\\\/\\\/aequumaccess.com\\\/fr\\\/#organization\"},\"potentialAction\":[{\"@type\":\"SearchAction\",\"target\":{\"@type\":\"EntryPoint\",\"urlTemplate\":\"https:\\\/\\\/aequumaccess.com\\\/fr\\\/?s={search_term_string}\"},\"query-input\":{\"@type\":\"PropertyValueSpecification\",\"valueRequired\":true,\"valueName\":\"search_term_string\"}}],\"inLanguage\":\"fr-FR\"},{\"@type\":\"Organization\",\"@id\":\"https:\\\/\\\/aequumaccess.com\\\/fr\\\/#organization\",\"name\":\"Aequum Global Access\",\"url\":\"https:\\\/\\\/aequumaccess.com\\\/fr\\\/\",\"logo\":{\"@type\":\"ImageObject\",\"inLanguage\":\"fr-FR\",\"@id\":\"https:\\\/\\\/aequumaccess.com\\\/fr\\\/#\\\/schema\\\/logo\\\/image\\\/\",\"url\":\"https:\\\/\\\/aequumaccess.com\\\/wp-content\\\/uploads\\\/2022\\\/10\\\/UA_wordmark-black.png\",\"contentUrl\":\"https:\\\/\\\/aequumaccess.com\\\/wp-content\\\/uploads\\\/2022\\\/10\\\/UA_wordmark-black.png\",\"width\":1000,\"height\":355,\"caption\":\"Aequum Global Access\"},\"image\":{\"@id\":\"https:\\\/\\\/aequumaccess.com\\\/fr\\\/#\\\/schema\\\/logo\\\/image\\\/\"}}]}<\/script>\n<!-- \/ Yoast SEO plugin. -->","yoast_head_json":{"title":"\u00c0 propos d'Aequum - Aequum Global Access","robots":{"index":"index","follow":"follow","max-snippet":"max-snippet:-1","max-image-preview":"max-image-preview:large","max-video-preview":"max-video-preview:-1"},"canonical":"https:\/\/aequumaccess.com\/fr\/a-propos-daequum\/","og_locale":"fr_FR","og_type":"article","og_title":"\u00c0 propos d'Aequum - Aequum Global Access","og_description":"Si vous avez besoin d&rsquo;aide dans un domaine particulier ou si vous avez des besoins g\u00e9n\u00e9raux, nous pouvons faire en sorte que cela fonctionne pour vous. Nous proposons des services dans des domaines tels que Visitez la page \u201cNos services\u201d pour plus de d\u00e9tails sur les services sp\u00e9cifiques d&rsquo;Aequum. Notre Histoire Aequum est le fruit... Read More about \"\u00c0 propos d&rsquo;Aequum\"","og_url":"https:\/\/aequumaccess.com\/fr\/a-propos-daequum\/","og_site_name":"Aequum Global Access","article_modified_time":"2025-02-05T17:11:31+00:00","twitter_card":"summary_large_image","twitter_misc":{"Dur\u00e9e de lecture estim\u00e9e":"7 minutes"},"schema":{"@context":"https:\/\/schema.org","@graph":[{"@type":"WebPage","@id":"https:\/\/aequumaccess.com\/fr\/a-propos-daequum\/","url":"https:\/\/aequumaccess.com\/fr\/a-propos-daequum\/","name":"\u00c0 propos d'Aequum - Aequum Global Access","isPartOf":{"@id":"https:\/\/aequumaccess.com\/fr\/#website"},"datePublished":"2023-03-13T15:22:59+00:00","dateModified":"2025-02-05T17:11:31+00:00","breadcrumb":{"@id":"https:\/\/aequumaccess.com\/fr\/a-propos-daequum\/#breadcrumb"},"inLanguage":"fr-FR","potentialAction":[{"@type":"ReadAction","target":["https:\/\/aequumaccess.com\/fr\/a-propos-daequum\/"]}]},{"@type":"BreadcrumbList","@id":"https:\/\/aequumaccess.com\/fr\/a-propos-daequum\/#breadcrumb","itemListElement":[{"@type":"ListItem","position":1,"name":"Home","item":"https:\/\/aequumaccess.com\/fr\/elargissez-votre-vision\/"},{"@type":"ListItem","position":2,"name":"\u00c0 propos d&#8217;Aequum"}]},{"@type":"WebSite","@id":"https:\/\/aequumaccess.com\/fr\/#website","url":"https:\/\/aequumaccess.com\/fr\/","name":"Aequum Global Access","description":"Aequum Global Access","publisher":{"@id":"https:\/\/aequumaccess.com\/fr\/#organization"},"potentialAction":[{"@type":"SearchAction","target":{"@type":"EntryPoint","urlTemplate":"https:\/\/aequumaccess.com\/fr\/?s={search_term_string}"},"query-input":{"@type":"PropertyValueSpecification","valueRequired":true,"valueName":"search_term_string"}}],"inLanguage":"fr-FR"},{"@type":"Organization","@id":"https:\/\/aequumaccess.com\/fr\/#organization","name":"Aequum Global Access","url":"https:\/\/aequumaccess.com\/fr\/","logo":{"@type":"ImageObject","inLanguage":"fr-FR","@id":"https:\/\/aequumaccess.com\/fr\/#\/schema\/logo\/image\/","url":"https:\/\/aequumaccess.com\/wp-content\/uploads\/2022\/10\/UA_wordmark-black.png","contentUrl":"https:\/\/aequumaccess.com\/wp-content\/uploads\/2022\/10\/UA_wordmark-black.png","width":1000,"height":355,"caption":"Aequum Global Access"},"image":{"@id":"https:\/\/aequumaccess.com\/fr\/#\/schema\/logo\/image\/"}}]}},"_links":{"self":[{"href":"https:\/\/aequumaccess.com\/fr\/wp-json\/wp\/v2\/pages\/2053","targetHints":{"allow":["GET"]}}],"collection":[{"href":"https:\/\/aequumaccess.com\/fr\/wp-json\/wp\/v2\/pages"}],"about":[{"href":"https:\/\/aequumaccess.com\/fr\/wp-json\/wp\/v2\/types\/page"}],"author":[{"embeddable":true,"href":"https:\/\/aequumaccess.com\/fr\/wp-json\/wp\/v2\/users\/1"}],"replies":[{"embeddable":true,"href":"https:\/\/aequumaccess.com\/fr\/wp-json\/wp\/v2\/comments?post=2053"}],"version-history":[{"count":3,"href":"https:\/\/aequumaccess.com\/fr\/wp-json\/wp\/v2\/pages\/2053\/revisions"}],"predecessor-version":[{"id":2097,"href":"https:\/\/aequumaccess.com\/fr\/wp-json\/wp\/v2\/pages\/2053\/revisions\/2097"}],"wp:attachment":[{"href":"https:\/\/aequumaccess.com\/fr\/wp-json\/wp\/v2\/media?parent=2053"}],"curies":[{"name":"wp","href":"https:\/\/api.w.org\/{rel}","templated":true}]}}