{"id":2050,"date":"2023-03-02T14:15:57","date_gmt":"2023-03-02T22:15:57","guid":{"rendered":"https:\/\/aequumaccess.com\/elargissez-votre-vision\/"},"modified":"2023-10-30T11:11:32","modified_gmt":"2023-10-30T18:11:32","slug":"elargissez-votre-vision","status":"publish","type":"page","link":"https:\/\/aequumaccess.com\/fr\/","title":{"rendered":"\u00c9largissez votre vision"},"content":{"rendered":"\n<div id=\"hero-block_931d3abb750edd6f95dcff0416c1c7ec\" class=\"hero\">\n    \t\t\n\n        <div class=\"inner_block has_image\">\n                        <div class=\"image\">\n                <img loading=\"lazy\" decoding=\"async\" width=\"1000\" height=\"552\" src=\"https:\/\/aequumaccess.com\/wp-content\/uploads\/2023\/04\/home-hero.jpg\" class=\"attachment-full size-full\" alt=\"\" srcset=\"https:\/\/aequumaccess.com\/wp-content\/uploads\/2023\/04\/home-hero.jpg 1000w, https:\/\/aequumaccess.com\/wp-content\/uploads\/2023\/04\/home-hero-600x331.jpg 600w, https:\/\/aequumaccess.com\/wp-content\/uploads\/2023\/04\/home-hero-300x166.jpg 300w\" sizes=\"auto, (max-width: 1000px) 100vw, 1000px\" \/>            <\/div>\n            \n            <div class=\"details\">\n                <h1 id=\"main\">\u00c9largissez votre vision<\/h1>\n                <h2>Mettez l&rsquo;accessibilit\u00e9 au service de votre entreprise<\/h2>\n<p>Il y a des normes, des r\u00e9glementations et des lois \u00e0 respecter, et<strong>\u2026<\/strong><\/p>\n<p>Votreiste des opportunit\u00e9s et des talents inexploit\u00e9s pour d\u00e9velopper votre entreprise, vos services et votre client\u00e8le.<\/p>\n<p>Aequum peut travailler avec vous pour<\/p>\n<ul>\n<li>Guider votre organisation pour qu&rsquo;elle respecte les lois sur l&rsquo;accessibilit\u00e9 et l&rsquo;inclusion des personnes handicap\u00e9esou en situations d\u2019handicapes<\/li>\n<li>Aller au-del\u00e0 des normes de base<\/li>\n<li>Vous d\u00e9marquer en tant que fournisseur exceptionnel de services, de produits et d&#8217;emplois<\/li>\n<li>D\u00e9velopper un niveau de pr\u00e9sence et d&rsquo;influence plus large<\/li>\n<\/ul>\n            <\/div>\n        <\/div>\n\t\t\n\t<\/div>\n<div class=\"wp-block-columns is-layout-flex wp-container-core-columns-is-layout-9d6595d7 wp-block-columns-is-layout-flex\">\n<div class=\"wp-block-column is-layout-flow wp-block-column-is-layout-flow\">\n<div id=\"feature-block_a0aaf4881a5d7f8de61681cf802800c8\" class=\"feature\">\n     \n     <div class=\"feature_outer\">\n        <div class=\"feature_inner\">\n            <h2>Aequum peut vous aider \u00e0 &#8230;<\/h2>\n<ul>\n<li>Promouvoir la valeur de l&rsquo;accessibilit\u00e9 dans votre entreprise<\/li>\n<li>Enrichir votre diversit\u00e9, votre \u00e9quit\u00e9 et votre inclusion<\/li>\n<li>Am\u00e9liorer les r\u00e9sultats en mati\u00e8re d&#8217;emploi<\/li>\n<li>Augmenter votre part de march\u00e9, pour d\u00e9velopper de meilleurs produits et services<\/li>\n<li>\u00c9valuer l&rsquo;\u00e9tat actuel de votre accessibilit\u00e9 et vous aider \u00e0 d\u00e9velopper un plan d&rsquo;action<\/li>\n<li>Int\u00e9grer vos exigences r\u00e9glementaires, votre plan d&rsquo;action et votre feuille de route pour que tout cela devienne r\u00e9alit\u00e9.<\/li>\n<\/ul>\n        <\/div>\n     <\/div>\n\n     <\/div><\/div>\n\n\n\n<div class=\"wp-block-column is-layout-flow wp-block-column-is-layout-flow\">\n<h2 class=\"wp-block-heading\">Aequum Global Access est reconnu dans le domaine de l\u2019Accessibilit\u00e9<\/h2>\n\n\n\n<p>Aequum est une entreprise canadienne qui travaille avec des Canadiens partout au pays et qui a d\u00e9montr\u00e9 son engagement envers les collectivit\u00e9s.<\/p>\n\n\n\n<p>Aequum est mondial, avec la perspicacit\u00e9, les ressources et la vue d&rsquo;ensemble des normes de partout dans le monde.<\/p>\n\n\n\n<p>Nous avons dirig\u00e9 avec succ\u00e8s de nombreux efforts aux niveaux f\u00e9d\u00e9ral, provincial et municipal, tout en favorisant les intersections entre ces organisations et d&rsquo;autres.<\/p>\n<\/div>\n<\/div>\n","protected":false},"excerpt":{"rendered":"<p>Aequum Global Access est reconnu dans le domaine de l\u2019Accessibilit\u00e9 Aequum est une entreprise canadienne qui travaille avec des Canadiens partout au pays et qui a d\u00e9montr\u00e9 son engagement envers les collectivit\u00e9s. Aequum est mondial, avec la perspicacit\u00e9, les ressources et la vue d&rsquo;ensemble des normes de partout dans le monde. Nous avons dirig\u00e9 avec&#8230; <a class=\"read-more\" href=\"https:\/\/aequumaccess.com\/fr\/\">Read More<span class=\"hidden\"> about \u00ab\u00a0\u00c9largissez votre vision\u00a0\u00bb<\/span><\/a><\/p>\n","protected":false},"author":1,"featured_media":0,"parent":0,"menu_order":0,"comment_status":"closed","ping_status":"closed","template":"","meta":{"_acf_changed":false,"footnotes":""},"class_list":["post-2050","page","type-page","status-publish","hentry"],"acf":[],"yoast_head":"<!-- This site is optimized with the Yoast SEO plugin v27.5 - https:\/\/yoast.com\/product\/yoast-seo-wordpress\/ -->\n<title>\u00c9largissez votre vision - Aequum Global Access<\/title>\n<meta name=\"robots\" content=\"index, follow, max-snippet:-1, max-image-preview:large, max-video-preview:-1\" \/>\n<link rel=\"canonical\" href=\"https:\/\/aequumaccess.com\/fr\/\" \/>\n<meta property=\"og:locale\" content=\"fr_FR\" \/>\n<meta property=\"og:type\" content=\"article\" \/>\n<meta property=\"og:title\" content=\"\u00c9largissez votre vision - Aequum Global Access\" \/>\n<meta property=\"og:description\" content=\"Aequum Global Access est reconnu dans le domaine de l\u2019Accessibilit\u00e9 Aequum est une entreprise canadienne qui travaille avec des Canadiens partout au pays et qui a d\u00e9montr\u00e9 son engagement envers les collectivit\u00e9s. Aequum est mondial, avec la perspicacit\u00e9, les ressources et la vue d&rsquo;ensemble des normes de partout dans le monde. Nous avons dirig\u00e9 avec... Read More about &quot;\u00c9largissez votre vision&quot;\" \/>\n<meta property=\"og:url\" content=\"https:\/\/aequumaccess.com\/fr\/\" \/>\n<meta property=\"og:site_name\" content=\"Aequum Global Access\" \/>\n<meta property=\"article:modified_time\" content=\"2023-10-30T18:11:32+00:00\" \/>\n<meta name=\"twitter:card\" content=\"summary_large_image\" \/>\n<script type=\"application\/ld+json\" class=\"yoast-schema-graph\">{\"@context\":\"https:\\\/\\\/schema.org\",\"@graph\":[{\"@type\":\"WebPage\",\"@id\":\"https:\\\/\\\/aequumaccess.com\\\/fr\\\/\",\"url\":\"https:\\\/\\\/aequumaccess.com\\\/fr\\\/\",\"name\":\"\u00c9largissez votre vision - Aequum Global Access\",\"isPartOf\":{\"@id\":\"https:\\\/\\\/aequumaccess.com\\\/fr\\\/#website\"},\"datePublished\":\"2023-03-02T22:15:57+00:00\",\"dateModified\":\"2023-10-30T18:11:32+00:00\",\"breadcrumb\":{\"@id\":\"https:\\\/\\\/aequumaccess.com\\\/fr\\\/#breadcrumb\"},\"inLanguage\":\"fr-FR\",\"potentialAction\":[{\"@type\":\"ReadAction\",\"target\":[\"https:\\\/\\\/aequumaccess.com\\\/fr\\\/\"]}]},{\"@type\":\"BreadcrumbList\",\"@id\":\"https:\\\/\\\/aequumaccess.com\\\/fr\\\/#breadcrumb\",\"itemListElement\":[{\"@type\":\"ListItem\",\"position\":1,\"name\":\"Home\",\"item\":\"https:\\\/\\\/aequumaccess.com\\\/fr\\\/elargissez-votre-vision\\\/\"},{\"@type\":\"ListItem\",\"position\":2,\"name\":\"\u00c9largissez votre vision\"}]},{\"@type\":\"WebSite\",\"@id\":\"https:\\\/\\\/aequumaccess.com\\\/fr\\\/#website\",\"url\":\"https:\\\/\\\/aequumaccess.com\\\/fr\\\/\",\"name\":\"Aequum Global Access\",\"description\":\"Aequum Global Access\",\"publisher\":{\"@id\":\"https:\\\/\\\/aequumaccess.com\\\/fr\\\/#organization\"},\"potentialAction\":[{\"@type\":\"SearchAction\",\"target\":{\"@type\":\"EntryPoint\",\"urlTemplate\":\"https:\\\/\\\/aequumaccess.com\\\/fr\\\/?s={search_term_string}\"},\"query-input\":{\"@type\":\"PropertyValueSpecification\",\"valueRequired\":true,\"valueName\":\"search_term_string\"}}],\"inLanguage\":\"fr-FR\"},{\"@type\":\"Organization\",\"@id\":\"https:\\\/\\\/aequumaccess.com\\\/fr\\\/#organization\",\"name\":\"Aequum Global Access\",\"url\":\"https:\\\/\\\/aequumaccess.com\\\/fr\\\/\",\"logo\":{\"@type\":\"ImageObject\",\"inLanguage\":\"fr-FR\",\"@id\":\"https:\\\/\\\/aequumaccess.com\\\/fr\\\/#\\\/schema\\\/logo\\\/image\\\/\",\"url\":\"https:\\\/\\\/aequumaccess.com\\\/wp-content\\\/uploads\\\/2022\\\/10\\\/UA_wordmark-black.png\",\"contentUrl\":\"https:\\\/\\\/aequumaccess.com\\\/wp-content\\\/uploads\\\/2022\\\/10\\\/UA_wordmark-black.png\",\"width\":1000,\"height\":355,\"caption\":\"Aequum Global Access\"},\"image\":{\"@id\":\"https:\\\/\\\/aequumaccess.com\\\/fr\\\/#\\\/schema\\\/logo\\\/image\\\/\"}}]}<\/script>\n<!-- \/ Yoast SEO plugin. -->","yoast_head_json":{"title":"\u00c9largissez votre vision - Aequum Global Access","robots":{"index":"index","follow":"follow","max-snippet":"max-snippet:-1","max-image-preview":"max-image-preview:large","max-video-preview":"max-video-preview:-1"},"canonical":"https:\/\/aequumaccess.com\/fr\/","og_locale":"fr_FR","og_type":"article","og_title":"\u00c9largissez votre vision - Aequum Global Access","og_description":"Aequum Global Access est reconnu dans le domaine de l\u2019Accessibilit\u00e9 Aequum est une entreprise canadienne qui travaille avec des Canadiens partout au pays et qui a d\u00e9montr\u00e9 son engagement envers les collectivit\u00e9s. Aequum est mondial, avec la perspicacit\u00e9, les ressources et la vue d&rsquo;ensemble des normes de partout dans le monde. Nous avons dirig\u00e9 avec... Read More about \"\u00c9largissez votre vision\"","og_url":"https:\/\/aequumaccess.com\/fr\/","og_site_name":"Aequum Global Access","article_modified_time":"2023-10-30T18:11:32+00:00","twitter_card":"summary_large_image","schema":{"@context":"https:\/\/schema.org","@graph":[{"@type":"WebPage","@id":"https:\/\/aequumaccess.com\/fr\/","url":"https:\/\/aequumaccess.com\/fr\/","name":"\u00c9largissez votre vision - Aequum Global Access","isPartOf":{"@id":"https:\/\/aequumaccess.com\/fr\/#website"},"datePublished":"2023-03-02T22:15:57+00:00","dateModified":"2023-10-30T18:11:32+00:00","breadcrumb":{"@id":"https:\/\/aequumaccess.com\/fr\/#breadcrumb"},"inLanguage":"fr-FR","potentialAction":[{"@type":"ReadAction","target":["https:\/\/aequumaccess.com\/fr\/"]}]},{"@type":"BreadcrumbList","@id":"https:\/\/aequumaccess.com\/fr\/#breadcrumb","itemListElement":[{"@type":"ListItem","position":1,"name":"Home","item":"https:\/\/aequumaccess.com\/fr\/elargissez-votre-vision\/"},{"@type":"ListItem","position":2,"name":"\u00c9largissez votre vision"}]},{"@type":"WebSite","@id":"https:\/\/aequumaccess.com\/fr\/#website","url":"https:\/\/aequumaccess.com\/fr\/","name":"Aequum Global Access","description":"Aequum Global Access","publisher":{"@id":"https:\/\/aequumaccess.com\/fr\/#organization"},"potentialAction":[{"@type":"SearchAction","target":{"@type":"EntryPoint","urlTemplate":"https:\/\/aequumaccess.com\/fr\/?s={search_term_string}"},"query-input":{"@type":"PropertyValueSpecification","valueRequired":true,"valueName":"search_term_string"}}],"inLanguage":"fr-FR"},{"@type":"Organization","@id":"https:\/\/aequumaccess.com\/fr\/#organization","name":"Aequum Global Access","url":"https:\/\/aequumaccess.com\/fr\/","logo":{"@type":"ImageObject","inLanguage":"fr-FR","@id":"https:\/\/aequumaccess.com\/fr\/#\/schema\/logo\/image\/","url":"https:\/\/aequumaccess.com\/wp-content\/uploads\/2022\/10\/UA_wordmark-black.png","contentUrl":"https:\/\/aequumaccess.com\/wp-content\/uploads\/2022\/10\/UA_wordmark-black.png","width":1000,"height":355,"caption":"Aequum Global Access"},"image":{"@id":"https:\/\/aequumaccess.com\/fr\/#\/schema\/logo\/image\/"}}]}},"_links":{"self":[{"href":"https:\/\/aequumaccess.com\/fr\/wp-json\/wp\/v2\/pages\/2050","targetHints":{"allow":["GET"]}}],"collection":[{"href":"https:\/\/aequumaccess.com\/fr\/wp-json\/wp\/v2\/pages"}],"about":[{"href":"https:\/\/aequumaccess.com\/fr\/wp-json\/wp\/v2\/types\/page"}],"author":[{"embeddable":true,"href":"https:\/\/aequumaccess.com\/fr\/wp-json\/wp\/v2\/users\/1"}],"replies":[{"embeddable":true,"href":"https:\/\/aequumaccess.com\/fr\/wp-json\/wp\/v2\/comments?post=2050"}],"version-history":[{"count":1,"href":"https:\/\/aequumaccess.com\/fr\/wp-json\/wp\/v2\/pages\/2050\/revisions"}],"predecessor-version":[{"id":2052,"href":"https:\/\/aequumaccess.com\/fr\/wp-json\/wp\/v2\/pages\/2050\/revisions\/2052"}],"wp:attachment":[{"href":"https:\/\/aequumaccess.com\/fr\/wp-json\/wp\/v2\/media?parent=2050"}],"curies":[{"name":"wp","href":"https:\/\/api.w.org\/{rel}","templated":true}]}}